{"id":67,"date":"2022-05-05T13:46:32","date_gmt":"2022-05-05T11:46:32","guid":{"rendered":"http:\/\/www.stammzellentherapie-wien.at\/?page_id=67"},"modified":"2022-07-15T10:43:32","modified_gmt":"2022-07-15T08:43:32","slug":"impressum","status":"publish","type":"page","link":"https:\/\/www.stammzellentherapie-wien.at\/?page_id=67","title":{"rendered":"Impressum"},"content":{"rendered":"<p>[et_pb_section fb_built=&#8220;1&#8243; admin_label=&#8220;Our Story Section&#8220; _builder_version=&#8220;4.16&#8243; _module_preset=&#8220;default&#8220; custom_padding=&#8220;110px||3px|||&#8220; global_colors_info=&#8220;{}&#8220;][et_pb_row admin_label=&#8220;Title Area&#8220; _builder_version=&#8220;4.16&#8243; _module_preset=&#8220;default&#8220; custom_padding=&#8220;28px|0px|27px|0px&#8220; global_colors_info=&#8220;{}&#8220;][et_pb_column type=&#8220;4_4&#8243; _builder_version=&#8220;4.16&#8243; _module_preset=&#8220;default&#8220; custom_padding=&#8220;|||&#8220; global_colors_info=&#8220;{}&#8220; custom_padding__hover=&#8220;|||&#8220;][et_pb_text admin_label=&#8220;Title&#8220; _builder_version=&#8220;4.17.3&#8243; _module_preset=&#8220;default&#8220; text_font=&#8220;||||||||&#8220; header_font=&#8220;||||||||&#8220; header_2_font=&#8220;Nunito||||||||&#8220; header_2_text_align=&#8220;center&#8220; header_2_text_color=&#8220;#263954&#8243; header_2_font_size=&#8220;36px&#8220; header_2_line_height=&#8220;1.4em&#8220; max_width=&#8220;600px&#8220; module_alignment=&#8220;center&#8220; custom_margin=&#8220;||5px|&#8220; animation_style=&#8220;fold&#8220; animation_direction=&#8220;bottom&#8220; animation_intensity_fold=&#8220;20%&#8220; animation_starting_opacity=&#8220;100%&#8220; global_colors_info=&#8220;{}&#8220;]<\/p>\n<h2>Impressum<\/h2>\n<p>[\/et_pb_text][et_pb_divider color=&#8220;#0099e5&#8243; divider_position=&#8220;center&#8220; divider_weight=&#8220;2px&#8220; _builder_version=&#8220;4.16&#8243; _module_preset=&#8220;default&#8220; max_width=&#8220;50px&#8220; module_alignment=&#8220;center&#8220; global_colors_info=&#8220;{}&#8220;][\/et_pb_divider][\/et_pb_column][\/et_pb_row][et_pb_row admin_label=&#8220;Text Area&#8220; _builder_version=&#8220;4.17.4&#8243; _module_preset=&#8220;default&#8220; global_colors_info=&#8220;{}&#8220;][et_pb_column type=&#8220;4_4&#8243; _builder_version=&#8220;4.16&#8243; _module_preset=&#8220;default&#8220; custom_padding=&#8220;|||&#8220; global_colors_info=&#8220;{}&#8220; custom_padding__hover=&#8220;|||&#8220;][et_pb_text _builder_version=&#8220;4.17.4&#8243; _module_preset=&#8220;default&#8220; text_font=&#8220;||||||||&#8220; text_text_color=&#8220;#707985&#8243; text_font_size=&#8220;15px&#8220; text_line_height=&#8220;1.8em&#8220; max_width=&#8220;800px&#8220; module_alignment=&#8220;center&#8220; custom_margin=&#8220;||35px|&#8220; animation_style=&#8220;fold&#8220; animation_direction=&#8220;bottom&#8220; animation_intensity_fold=&#8220;20%&#8220; animation_starting_opacity=&#8220;100%&#8220; hover_enabled=&#8220;0&#8243; global_colors_info=&#8220;{}&#8220; sticky_enabled=&#8220;0&#8243;]<\/p>\n<p><strong>Univ.-Prof. Dr. Michael Zimpfer, M.B.A.<\/strong> \u2013 im Folgenden als Inhaber bezeichnet \u2013 und andere an der Erstellung, Gestaltung und Bereitstellung der Internetseiten <a href=\"http:\/\/www.stammzellentherapie-wien.at\">www.stammzellentherapie-wien.at<\/a> beteiligte Personen \u00fcbernehmen keine Haftung und Gew\u00e4hrleistung f\u00fcr Sch\u00e4den jeglicher Art (einschlie\u00dflich von Viren), die infolge des Besuchs, der Nutzung, Fehlern oder Auslassungen in den Inhalten oder fehlender Nutzungsm\u00f6glichkeiten der Internetseiten <a href=\"http:\/\/www.stammzellentherapie-wien.at\">www.stammzellentherapie-wien.at<\/a> entstehen k\u00f6nnen. Wie bei anderem redaktionell erstellten Material auch k\u00f6nnen die auf den Internetseiten zur Verf\u00fcgung gestellten Informationen im Laufe der Zeit nicht mehr dem aktuellen Stand entsprechen. Der Inhaber ist durch sorgf\u00e4ltige Auswahl und Pr\u00fcfung st\u00e4ndig bem\u00fcht, aktuelle und genaue Informationen bereitzustellen. Es kann jedoch keinerlei Gew\u00e4hrleistung und Haftung f\u00fcr die Richtigkeit, Vollst\u00e4ndigkeit, Genauigkeit und Zweckm\u00e4\u00dfigkeit der auf den Internetseiten gemachten Angaben oder zur Verf\u00fcgung gestellten Informationen einschlie\u00dflich des damit verbundenen weiteren Gebrauchs \u00fcbernommen werden. F\u00fcr von Dritten in die Internetseiten <a href=\"http:\/\/www.stammzellentherapie-wien.at\">www.stammzellentherapie-wien.at<\/a> eingestellte Informationen, Beitr\u00e4ge, Materialien und dergleichen \u00fcbernimmt der Inhaber keinerlei Verantwortlichkeit und Haftung. Der Inhaber ist auch nicht verpflichtet, ohne tats\u00e4chliche Kenntnis rechtswidrige, obsz\u00f6ne oder sonst verbotene Inhalte zu beseitigen. Der Inhaber beh\u00e4lt sich jedoch das Recht vor, jegliche von Dritten eingestellte Inhalte, Beitr\u00e4ge, Materialien und dergleichen zu \u00fcberpr\u00fcfen und gegebenenfalls zu beseitigen. \u00dcber Ersuchen von Strafverfolgungsbeh\u00f6rden und \u2013 soweit erforderlich \u2013 aufgrund entsprechender Gerichtsbeschl\u00fcsse wird der Inhaber die Identit\u00e4t von Personen, welche rechtswidrige, obsz\u00f6ne oder sonst verbotene Informationen, Beitr\u00e4ge, Materialien und dergleichen verschickt haben, bekannt geben, soweit ihm dies m\u00f6glich ist. Der Inhaber beh\u00e4lt sich das Recht vor, jederzeit bei Bedarf Korrekturen, \u00c4nderungen oder Streichungen einzelner Inhalte ihrer Internetseiten sowie auch deren vor\u00fcbergehende, g\u00e4nzliche oder teilweise Unterbrechung oder dauernde Einstellung vorzunehmen. Soweit die Internetseiten <a href=\"http:\/\/www.stammzellentherapie-wien.at\">www.stammzellentherapie-wien.at<\/a> Angaben oder Informationen zu pharmazeutischen Produkten, Gesundheitszust\u00e4nden, Krankeitsbildern, medizinischen Fragen oder Therapiem\u00f6glichkeiten enthalten, wird dadurch keine Alternative zur Beratung durch einen Arzt oder Apotheker angeboten. Derartige Angaben oder Informationen stellen auch keinen Ersatz f\u00fcr eine Beratung durch einen Arzt oder Apotheker dar. Sollten Sie Rat zu spezifischen medizinischen Fragen, Gesundheitsproblemen, Therapiem\u00f6glichkeiten und dergleichen suchen, wenden Sie sich daher bitte ausschlie\u00dflich an Ihren Arzt.<\/p>\n<p>&nbsp;<\/p>\n<p><strong>Information gem\u00e4\u00df \u00a7 5 E-Commerce-Gesetz und Offenlegung gem\u00e4\u00df \u00a7 25 Mediengesetz:<\/strong><\/p>\n<p>&nbsp;<\/p>\n<p>Diensteanbieter und Medieninhaber: Univ.-Prof. Dr. Michael Zimpfer, MBA, Zentrum f\u00fcr Medizin und Gesundheit, Pelikangasse 3\/101, 1090 Wien, \u00d6sterreich<\/p>\n<p>&nbsp;<\/p>\n<p>Tel.: +43 1 997 28 30, Fax: +43 1 997 28 30 99, E-Mail:\u00a0<a href=\"mailto:office@zmed.at\">office@zmed.at<\/a><\/p>\n<p>Homepage: <a href=\"http:\/\/www.stammzellentherapie-wien.at\">www.stammzellentherapie-wien.at<\/a> <a href=\"http:\/\/www.zmed.at\/\">www.zmed.at<\/a>\u00a0&#8211;\u00a0<a href=\"http:\/\/www.zimpfer.at\/\">www.zimpfer.at<\/a><\/p>\n<p>&nbsp;<\/p>\n<p>Mitglied der \u00c4rztekammer f\u00fcr Wien, Berufsbezeichnung: Facharzt f\u00fcr An\u00e4sthesiologie uhd Intensivmedizin (verliehen in \u00d6sterreich), T\u00e4tigkeit unterliegt dem \u00c4rztegesetz1998 (siehe \/<a href=\"http:\/\/www.ris.bka.gv.at\/bundesrecht\" target=\"_blank\" rel=\"noopener\">www.ris.bka.gv.at\/bundesrecht<\/a>)<\/p>\n<p>[\/et_pb_text][\/et_pb_column][\/et_pb_row][\/et_pb_section][et_pb_section fb_built=&#8220;1&#8243; admin_label=&#8220;Services&#8220; _builder_version=&#8220;4.16&#8243; _module_preset=&#8220;default&#8220; custom_padding=&#8220;28px||80px|||&#8220; global_colors_info=&#8220;{}&#8220;][et_pb_row column_structure=&#8220;1_2,1_2&#8243; admin_label=&#8220;About&#8220; _builder_version=&#8220;4.16&#8243; _module_preset=&#8220;default&#8220; background_size=&#8220;initial&#8220; background_position=&#8220;top_left&#8220; background_repeat=&#8220;repeat&#8220; max_width=&#8220;900px&#8220; use_custom_width=&#8220;on&#8220; custom_width_px=&#8220;900px&#8220; global_colors_info=&#8220;{}&#8220;][et_pb_column type=&#8220;1_2&#8243; _builder_version=&#8220;4.16&#8243; _module_preset=&#8220;default&#8220; custom_padding=&#8220;|||&#8220; global_colors_info=&#8220;{}&#8220; custom_padding__hover=&#8220;|||&#8220;][et_pb_text content_tablet=&#8220;<\/p>\n<p style=%22text-align: center;%22>Diese Homepage wurde erstellt von<\/p>\n<p>&#8220; content_phone=&#8220;<\/p>\n<p style=%22text-align: center;%22>Diese Homepage wurde erstellt von<\/p>\n<p>&#8220; content_last_edited=&#8220;on|phone&#8220; admin_label=&#8220;About Section Title&#8220; _builder_version=&#8220;4.17.4&#8243; _module_preset=&#8220;default&#8220; text_font=&#8220;||||||||&#8220; text_text_color=&#8220;#707985&#8243; text_font_size=&#8220;15px&#8220; text_line_height=&#8220;1.8em&#8220; max_width=&#8220;800px&#8220; module_alignment=&#8220;center&#8220; custom_margin=&#8220;||35px|&#8220; custom_margin_tablet=&#8220;||0px||false|false&#8220; custom_margin_phone=&#8220;||0px||false|false&#8220; custom_margin_last_edited=&#8220;on|desktop&#8220; animation_style=&#8220;fold&#8220; animation_direction=&#8220;bottom&#8220; animation_intensity_fold=&#8220;20%&#8220; animation_starting_opacity=&#8220;100%&#8220; global_colors_info=&#8220;{}&#8220;]<\/p>\n<p style=\"text-align: right;\">Diese Homepage wurde erstellt von<\/p>\n<p>[\/et_pb_text][\/et_pb_column][et_pb_column type=&#8220;1_2&#8243; _builder_version=&#8220;4.16&#8243; _module_preset=&#8220;default&#8220; custom_padding=&#8220;|||&#8220; global_colors_info=&#8220;{}&#8220; custom_padding__hover=&#8220;|||&#8220;][et_pb_image src=&#8220;http:\/\/www.stammzellentherapie-wien.at\/wp-content\/uploads\/2022\/06\/pinklupo.png&#8220; title_text=&#8220;pinklupo&#8220; url=&#8220;https:\/\/www.pink-lupo.com\/&#8220; url_new_window=&#8220;on&#8220; _builder_version=&#8220;4.17.4&#8243; _module_preset=&#8220;default&#8220; width=&#8220;40%&#8220; width_tablet=&#8220;27%&#8220; width_phone=&#8220;33%&#8220; width_last_edited=&#8220;on|phone&#8220; module_alignment_tablet=&#8220;center&#8220; module_alignment_phone=&#8220;center&#8220; module_alignment_last_edited=&#8220;on|desktop&#8220; global_colors_info=&#8220;{}&#8220;][\/et_pb_image][\/et_pb_column][\/et_pb_row][\/et_pb_section]<\/p>\n","protected":false},"excerpt":{"rendered":"<p>ImpressumUniv.-Prof. Dr. Michael Zimpfer, M.B.A. \u2013 im Folgenden als Inhaber bezeichnet \u2013 und andere an der Erstellung, Gestaltung und Bereitstellung der Internetseiten www.stammzellentherapie-wien.at beteiligte Personen \u00fcbernehmen keine Haftung und Gew\u00e4hrleistung f\u00fcr Sch\u00e4den jeglicher Art (einschlie\u00dflich von Viren), die infolge des Besuchs, der Nutzung, Fehlern oder Auslassungen in den Inhalten oder fehlender Nutzungsm\u00f6glichkeiten der Internetseiten www.stammzellentherapie-wien.at [&hellip;]<\/p>\n","protected":false},"author":1,"featured_media":0,"parent":0,"menu_order":0,"comment_status":"closed","ping_status":"closed","template":"","meta":{"_et_pb_use_builder":"on","_et_pb_old_content":"","_et_gb_content_width":""},"_links":{"self":[{"href":"https:\/\/www.stammzellentherapie-wien.at\/index.php?rest_route=\/wp\/v2\/pages\/67"}],"collection":[{"href":"https:\/\/www.stammzellentherapie-wien.at\/index.php?rest_route=\/wp\/v2\/pages"}],"about":[{"href":"https:\/\/www.stammzellentherapie-wien.at\/index.php?rest_route=\/wp\/v2\/types\/page"}],"author":[{"embeddable":true,"href":"https:\/\/www.stammzellentherapie-wien.at\/index.php?rest_route=\/wp\/v2\/users\/1"}],"replies":[{"embeddable":true,"href":"https:\/\/www.stammzellentherapie-wien.at\/index.php?rest_route=%2Fwp%2Fv2%2Fcomments&post=67"}],"version-history":[{"count":7,"href":"https:\/\/www.stammzellentherapie-wien.at\/index.php?rest_route=\/wp\/v2\/pages\/67\/revisions"}],"predecessor-version":[{"id":124,"href":"https:\/\/www.stammzellentherapie-wien.at\/index.php?rest_route=\/wp\/v2\/pages\/67\/revisions\/124"}],"wp:attachment":[{"href":"https:\/\/www.stammzellentherapie-wien.at\/index.php?rest_route=%2Fwp%2Fv2%2Fmedia&parent=67"}],"curies":[{"name":"wp","href":"https:\/\/api.w.org\/{rel}","templated":true}]}}